{"id":3202,"date":"2021-10-04T19:00:49","date_gmt":"2021-10-04T19:00:49","guid":{"rendered":"https:\/\/escuelaramiroroa.cl\/?page_id=3202"},"modified":"2025-06-23T16:14:04","modified_gmt":"2025-06-23T20:14:04","slug":"orientacion-convivencia-escolar","status":"publish","type":"page","link":"https:\/\/escuelaramiroroa.cl\/?page_id=3202","title":{"rendered":"Orientaci\u00f3n \/ Convivencia Educativa"},"content":{"rendered":"<p style=\"text-align: justify;\">La convivencia escolar es el conjunto de las interacciones y relaciones que se producen entre todos los actores de la comunidad, abarcando no solo aquellas entre individuos, sino tambi\u00e9n las que se producen entre los grupos, equipos, cursos y organizaciones internas que forman parte de la instituci\u00f3n. Incluye tambi\u00e9n la relaci\u00f3n de la comunidad escolar con las organizaciones del entorno en el que se encuentra inserta.<\/p>\n<p style=\"text-align: justify;\">La orientaci\u00f3n escolar consiste en la realizaci\u00f3n de un <strong>asesoramiento y acompa\u00f1amiento personal<\/strong> a un estudiante a trav\u00e9s de una serie de entrevistas educativas y de consejos adaptados a su proyecto personal.<\/p>\n","protected":false},"excerpt":{"rendered":"<p>La convivencia escolar es el conjunto de las interacciones y relaciones que se producen entre todos los actores de la comunidad, abarcando no solo aquellas entre individuos, sino tambi\u00e9n las que se producen entre los grupos, equipos, cursos y organizaciones internas que forman parte de la instituci\u00f3n. Incluye tambi\u00e9n la relaci\u00f3n de la comunidad escolar [&hellip;]<\/p>\n","protected":false},"author":1,"featured_media":0,"parent":0,"menu_order":0,"comment_status":"closed","ping_status":"closed","template":"","meta":[],"_links":{"self":[{"href":"https:\/\/escuelaramiroroa.cl\/index.php?rest_route=\/wp\/v2\/pages\/3202"}],"collection":[{"href":"https:\/\/escuelaramiroroa.cl\/index.php?rest_route=\/wp\/v2\/pages"}],"about":[{"href":"https:\/\/escuelaramiroroa.cl\/index.php?rest_route=\/wp\/v2\/types\/page"}],"author":[{"embeddable":true,"href":"https:\/\/escuelaramiroroa.cl\/index.php?rest_route=\/wp\/v2\/users\/1"}],"replies":[{"embeddable":true,"href":"https:\/\/escuelaramiroroa.cl\/index.php?rest_route=%2Fwp%2Fv2%2Fcomments&post=3202"}],"version-history":[{"count":11,"href":"https:\/\/escuelaramiroroa.cl\/index.php?rest_route=\/wp\/v2\/pages\/3202\/revisions"}],"predecessor-version":[{"id":3887,"href":"https:\/\/escuelaramiroroa.cl\/index.php?rest_route=\/wp\/v2\/pages\/3202\/revisions\/3887"}],"wp:attachment":[{"href":"https:\/\/escuelaramiroroa.cl\/index.php?rest_route=%2Fwp%2Fv2%2Fmedia&parent=3202"}],"curies":[{"name":"wp","href":"https:\/\/api.w.org\/{rel}","templated":true}]}}