{"id":3215,"date":"2021-10-04T19:11:12","date_gmt":"2021-10-04T19:11:12","guid":{"rendered":"https:\/\/escuelaramiroroa.cl\/?page_id=3215"},"modified":"2025-06-23T15:38:04","modified_gmt":"2025-06-23T19:38:04","slug":"extraescolar","status":"publish","type":"page","link":"https:\/\/escuelaramiroroa.cl\/?page_id=3215","title":{"rendered":"Educaci\u00f3n Extraescolar"},"content":{"rendered":"<p>Se entiende por <b>Educaci\u00f3n Extraescolar<\/b>\u00a0al conjunto de acciones educativo-recreativas de tiempo libre, originadas de la pr\u00e1ctica orientada y organizada de actividades deportivas, art\u00edsticas, cient\u00edfico-ecol\u00f3gicas, c\u00edvico sociales y en general de todas aquellas\u00a0<b>que<\/b>, en funci\u00f3n de los fines y objetivos de la\u00a0<b>educaci\u00f3n<\/b><\/p>\n<h2>Circuito sector tres \u00abPlegarias\u00bb, Curanilahue.<\/h2>\n<p><a href=\"https:\/\/escuelaramiroroa.cl\/wp-content\/uploads\/2021\/10\/IMG-20211007-WA0090.jpg\" data-elementor-open-lightbox=\"yes\" data-elementor-lightbox-slideshow=\"all-7c511aa\" data-elementor-lightbox-title=\"IMG-20211007-WA0090\"><br \/>\n<\/a><br \/>\n<a href=\"https:\/\/escuelaramiroroa.cl\/wp-content\/uploads\/2021\/10\/Screenshot_20211005-220417_Photos2.jpg\" data-elementor-open-lightbox=\"yes\" data-elementor-lightbox-slideshow=\"all-7c511aa\" data-elementor-lightbox-title=\"Screenshot_20211005-220417_Photos~2\"><br \/>\n<\/a><br \/>\n<a href=\"https:\/\/escuelaramiroroa.cl\/wp-content\/uploads\/2021\/10\/Screenshot_20211005-220542_Photos2.jpg\" data-elementor-open-lightbox=\"yes\" data-elementor-lightbox-slideshow=\"all-7c511aa\" data-elementor-lightbox-title=\"Screenshot_20211005-220542_Photos~2\"><br \/>\n<\/a><br \/>\n<a href=\"https:\/\/escuelaramiroroa.cl\/wp-content\/uploads\/2021\/10\/Screenshot_20211005-220838_Photos2.jpg\" data-elementor-open-lightbox=\"yes\" data-elementor-lightbox-slideshow=\"all-7c511aa\" data-elementor-lightbox-title=\"Screenshot_20211005-220838_Photos~2\"><br \/>\n<\/a><br \/>\n<a href=\"https:\/\/escuelaramiroroa.cl\/wp-content\/uploads\/2021\/10\/IMG-20211007-WA0056.jpg\" data-elementor-open-lightbox=\"yes\" data-elementor-lightbox-slideshow=\"all-7c511aa\" data-elementor-lightbox-title=\"IMG-20211007-WA0056\"><br \/>\n<\/a><br \/>\n<a href=\"https:\/\/escuelaramiroroa.cl\/wp-content\/uploads\/2021\/10\/IMG-20211007-WA0029.jpg\" data-elementor-open-lightbox=\"yes\" data-elementor-lightbox-slideshow=\"all-7c511aa\" data-elementor-lightbox-title=\"IMG-20211007-WA0029\"><br \/>\n<\/a><br \/>\n<a href=\"https:\/\/escuelaramiroroa.cl\/wp-content\/uploads\/2021\/10\/IMG-20211007-WA0049.jpg\" data-elementor-open-lightbox=\"yes\" data-elementor-lightbox-slideshow=\"all-7c511aa\" data-elementor-lightbox-title=\"IMG-20211007-WA0049\"><br \/>\n<\/a><br \/>\n<a href=\"https:\/\/escuelaramiroroa.cl\/wp-content\/uploads\/2021\/10\/20211007_160622-scaled.jpg\" data-elementor-open-lightbox=\"yes\" data-elementor-lightbox-slideshow=\"all-7c511aa\" data-elementor-lightbox-title=\"20211007_160622\"><br \/>\n<\/a><br \/>\n<a href=\"https:\/\/escuelaramiroroa.cl\/wp-content\/uploads\/2021\/10\/Screenshot_20211005-223916_Photos2.jpg\" data-elementor-open-lightbox=\"yes\" data-elementor-lightbox-slideshow=\"all-7c511aa\" data-elementor-lightbox-title=\"Screenshot_20211005-223916_Photos~2\"><br \/>\n<\/a><br \/>\n<a href=\"https:\/\/escuelaramiroroa.cl\/wp-content\/uploads\/2021\/10\/IMG-20211007-WA0051.jpg\" data-elementor-open-lightbox=\"yes\" data-elementor-lightbox-slideshow=\"all-7c511aa\" data-elementor-lightbox-title=\"IMG-20211007-WA0051\"><br \/>\n<\/a><br \/>\n<a href=\"https:\/\/escuelaramiroroa.cl\/wp-content\/uploads\/2021\/10\/IMG-20211007-WA0048.jpg\" data-elementor-open-lightbox=\"yes\" data-elementor-lightbox-slideshow=\"all-7c511aa\" data-elementor-lightbox-title=\"IMG-20211007-WA0048\"><br \/>\n<\/a><br \/>\n<a href=\"https:\/\/escuelaramiroroa.cl\/wp-content\/uploads\/2021\/10\/20211007_160428-scaled.jpg\" data-elementor-open-lightbox=\"yes\" data-elementor-lightbox-slideshow=\"all-7c511aa\" data-elementor-lightbox-title=\"20211007_160428\"><br \/>\n<\/a><br \/>\n<a href=\"https:\/\/escuelaramiroroa.cl\/wp-content\/uploads\/2021\/10\/IMG-20211007-WA0047.jpg\" data-elementor-open-lightbox=\"yes\" data-elementor-lightbox-slideshow=\"all-7c511aa\" data-elementor-lightbox-title=\"IMG-20211007-WA0047\"><br \/>\n<\/a><br \/>\n<a href=\"https:\/\/escuelaramiroroa.cl\/wp-content\/uploads\/2021\/10\/20211007_160428-1-scaled.jpg\" data-elementor-open-lightbox=\"yes\" data-elementor-lightbox-slideshow=\"all-7c511aa\" data-elementor-lightbox-title=\"20211007_160428\"><br \/>\n<\/a><br \/>\n<a href=\"https:\/\/escuelaramiroroa.cl\/wp-content\/uploads\/2021\/10\/20211007_160419-scaled.jpg\" data-elementor-open-lightbox=\"yes\" data-elementor-lightbox-slideshow=\"all-7c511aa\" data-elementor-lightbox-title=\"20211007_160419\"><br \/>\n<\/a><br \/>\n<a href=\"https:\/\/escuelaramiroroa.cl\/wp-content\/uploads\/2021\/10\/20211007_160442-scaled.jpg\" data-elementor-open-lightbox=\"yes\" data-elementor-lightbox-slideshow=\"all-7c511aa\" data-elementor-lightbox-title=\"20211007_160442\"><br \/>\n<\/a><br \/>\n<a href=\"https:\/\/escuelaramiroroa.cl\/wp-content\/uploads\/2021\/10\/Screenshot_20211005-220809_Photos2.jpg\" data-elementor-open-lightbox=\"yes\" data-elementor-lightbox-slideshow=\"all-7c511aa\" data-elementor-lightbox-title=\"Screenshot_20211005-220809_Photos~2\"><br \/>\n<\/a><br \/>\n<a href=\"https:\/\/escuelaramiroroa.cl\/wp-content\/uploads\/2021\/10\/Screenshot_20211005-222145_Photos2.jpg\" data-elementor-open-lightbox=\"yes\" data-elementor-lightbox-slideshow=\"all-7c511aa\" data-elementor-lightbox-title=\"Screenshot_20211005-222145_Photos~2\"><br \/>\n<\/a><br \/>\n<a href=\"https:\/\/escuelaramiroroa.cl\/wp-content\/uploads\/2021\/10\/20211007_160615-scaled.jpg\" data-elementor-open-lightbox=\"yes\" data-elementor-lightbox-slideshow=\"all-7c511aa\" data-elementor-lightbox-title=\"20211007_160615\"><br \/>\n<\/a><br \/>\n<a href=\"https:\/\/escuelaramiroroa.cl\/wp-content\/uploads\/2021\/10\/Screenshot_20211005-223918_Photos2.jpg\" data-elementor-open-lightbox=\"yes\" data-elementor-lightbox-slideshow=\"all-7c511aa\" data-elementor-lightbox-title=\"Screenshot_20211005-223918_Photos~2\"><br \/>\n<\/a><\/p>\n<h2>Taller de ciclismo.-<\/h2>\n<p><a href=\"https:\/\/escuelaramiroroa.cl\/wp-content\/uploads\/2021\/10\/20210627_092637-scaled.jpg\" data-elementor-open-lightbox=\"yes\" data-elementor-lightbox-slideshow=\"all-d5f977e\" data-elementor-lightbox-title=\"20210627_092637\"><br \/>\n<\/a><br \/>\n<a href=\"https:\/\/escuelaramiroroa.cl\/wp-content\/uploads\/2021\/10\/20210627_084807-scaled.jpg\" data-elementor-open-lightbox=\"yes\" data-elementor-lightbox-slideshow=\"all-d5f977e\" data-elementor-lightbox-title=\"20210627_084807\"><br \/>\n<\/a><br \/>\n<a href=\"https:\/\/escuelaramiroroa.cl\/wp-content\/uploads\/2021\/10\/20210604_144330-scaled.jpg\" data-elementor-open-lightbox=\"yes\" data-elementor-lightbox-slideshow=\"all-d5f977e\" data-elementor-lightbox-title=\"20210604_144330\"><br \/>\n<\/a><br \/>\n<a href=\"https:\/\/escuelaramiroroa.cl\/wp-content\/uploads\/2021\/10\/20210627_091435-scaled.jpg\" data-elementor-open-lightbox=\"yes\" data-elementor-lightbox-slideshow=\"all-d5f977e\" data-elementor-lightbox-title=\"20210627_091435\"><br \/>\n<\/a><br \/>\n<a href=\"https:\/\/escuelaramiroroa.cl\/wp-content\/uploads\/2021\/10\/20210615_144552-scaled.jpg\" data-elementor-open-lightbox=\"yes\" data-elementor-lightbox-slideshow=\"all-d5f977e\" data-elementor-lightbox-title=\"20210615_144552\"><br \/>\n<\/a><br \/>\n<a href=\"https:\/\/escuelaramiroroa.cl\/wp-content\/uploads\/2021\/10\/20210518_155900-scaled.jpg\" data-elementor-open-lightbox=\"yes\" data-elementor-lightbox-slideshow=\"all-d5f977e\" data-elementor-lightbox-title=\"20210518_155900\"><br \/>\n<\/a><br \/>\n<a href=\"https:\/\/escuelaramiroroa.cl\/wp-content\/uploads\/2021\/10\/20210713_150945-scaled.jpg\" data-elementor-open-lightbox=\"yes\" data-elementor-lightbox-slideshow=\"all-d5f977e\" data-elementor-lightbox-title=\"20210713_150945\"><br \/>\n<\/a><br \/>\n<a href=\"https:\/\/escuelaramiroroa.cl\/wp-content\/uploads\/2021\/10\/20210713_151942-scaled.jpg\" data-elementor-open-lightbox=\"yes\" data-elementor-lightbox-slideshow=\"all-d5f977e\" data-elementor-lightbox-title=\"20210713_151942\"><br \/>\n<\/a><br \/>\n<a href=\"https:\/\/escuelaramiroroa.cl\/wp-content\/uploads\/2021\/10\/20210915_170458-scaled.jpg\" data-elementor-open-lightbox=\"yes\" data-elementor-lightbox-slideshow=\"all-d5f977e\" data-elementor-lightbox-title=\"20210915_170458\"><br \/>\n<\/a><br \/>\n<a href=\"https:\/\/escuelaramiroroa.cl\/wp-content\/uploads\/2021\/10\/20210810_161400-scaled.jpg\" data-elementor-open-lightbox=\"yes\" data-elementor-lightbox-slideshow=\"all-d5f977e\" data-elementor-lightbox-title=\"20210810_161400\"><br \/>\n<\/a><br \/>\n<a href=\"https:\/\/escuelaramiroroa.cl\/wp-content\/uploads\/2021\/10\/20210617_152229-scaled.jpg\" data-elementor-open-lightbox=\"yes\" data-elementor-lightbox-slideshow=\"all-d5f977e\" data-elementor-lightbox-title=\"20210617_152229\"><br \/>\n<\/a><br \/>\n<a href=\"https:\/\/escuelaramiroroa.cl\/wp-content\/uploads\/2021\/10\/20210604_144924-scaled.jpg\" data-elementor-open-lightbox=\"yes\" data-elementor-lightbox-slideshow=\"all-d5f977e\" data-elementor-lightbox-title=\"20210604_144924\"><br \/>\n<\/a><br \/>\n<a href=\"https:\/\/escuelaramiroroa.cl\/wp-content\/uploads\/2021\/10\/20210824_160215-scaled.jpg\" data-elementor-open-lightbox=\"yes\" data-elementor-lightbox-slideshow=\"all-d5f977e\" data-elementor-lightbox-title=\"20210824_160215\"><br \/>\n<\/a><br \/>\n<a href=\"https:\/\/escuelaramiroroa.cl\/wp-content\/uploads\/2021\/10\/20210604_145436-scaled.jpg\" data-elementor-open-lightbox=\"yes\" data-elementor-lightbox-slideshow=\"all-d5f977e\" data-elementor-lightbox-title=\"20210604_145436\"><br \/>\n<\/a><br \/>\n<a href=\"https:\/\/escuelaramiroroa.cl\/wp-content\/uploads\/2021\/10\/20210915_170531-scaled.jpg\" data-elementor-open-lightbox=\"yes\" data-elementor-lightbox-slideshow=\"all-d5f977e\" data-elementor-lightbox-title=\"20210915_170531\"><br \/>\n<\/a><br \/>\n<a href=\"https:\/\/escuelaramiroroa.cl\/wp-content\/uploads\/2021\/10\/20210518_155847-scaled.jpg\" data-elementor-open-lightbox=\"yes\" data-elementor-lightbox-slideshow=\"all-d5f977e\" data-elementor-lightbox-title=\"20210518_155847\"><br \/>\n<\/a><br \/>\n<a href=\"https:\/\/escuelaramiroroa.cl\/wp-content\/uploads\/2021\/10\/20210604_151458-scaled.jpg\" data-elementor-open-lightbox=\"yes\" data-elementor-lightbox-slideshow=\"all-d5f977e\" data-elementor-lightbox-title=\"20210604_151458\"><br \/>\n<\/a><br \/>\n<a href=\"https:\/\/escuelaramiroroa.cl\/wp-content\/uploads\/2021\/10\/20210525_152256-scaled.jpg\" data-elementor-open-lightbox=\"yes\" data-elementor-lightbox-slideshow=\"all-d5f977e\" data-elementor-lightbox-title=\"20210525_152256\"><br \/>\n<\/a><br \/>\n<a href=\"https:\/\/escuelaramiroroa.cl\/wp-content\/uploads\/2021\/10\/20210914_160753-scaled.jpg\" data-elementor-open-lightbox=\"yes\" data-elementor-lightbox-slideshow=\"all-d5f977e\" data-elementor-lightbox-title=\"20210914_160753\"><br \/>\n<\/a><br \/>\n<a href=\"https:\/\/escuelaramiroroa.cl\/wp-content\/uploads\/2021\/10\/20210604_144414-scaled.jpg\" data-elementor-open-lightbox=\"yes\" data-elementor-lightbox-slideshow=\"all-d5f977e\" data-elementor-lightbox-title=\"20210604_144414\"><br \/>\n<\/a><br \/>\n<a href=\"https:\/\/escuelaramiroroa.cl\/wp-content\/uploads\/2021\/10\/20210921_152131-scaled.jpg\" data-elementor-open-lightbox=\"yes\" data-elementor-lightbox-slideshow=\"all-d5f977e\" data-elementor-lightbox-title=\"20210921_152131\"><br \/>\n<\/a><br \/>\n<a href=\"https:\/\/escuelaramiroroa.cl\/wp-content\/uploads\/2021\/10\/20210627_091419-scaled.jpg\" data-elementor-open-lightbox=\"yes\" data-elementor-lightbox-slideshow=\"all-d5f977e\" data-elementor-lightbox-title=\"20210627_091419\"><br \/>\n<\/a><br \/>\n<a href=\"https:\/\/escuelaramiroroa.cl\/wp-content\/uploads\/2021\/10\/20210803_155254-scaled.jpg\" data-elementor-open-lightbox=\"yes\" data-elementor-lightbox-slideshow=\"all-d5f977e\" data-elementor-lightbox-title=\"20210803_155254\"><br \/>\n<\/a><br \/>\n<a href=\"https:\/\/escuelaramiroroa.cl\/wp-content\/uploads\/2021\/10\/20210627_092836-scaled.jpg\" data-elementor-open-lightbox=\"yes\" data-elementor-lightbox-slideshow=\"all-d5f977e\" data-elementor-lightbox-title=\"20210627_092836\"><br \/>\n<\/a><br \/>\n<a href=\"https:\/\/escuelaramiroroa.cl\/wp-content\/uploads\/2021\/10\/20210604_145445-scaled.jpg\" data-elementor-open-lightbox=\"yes\" data-elementor-lightbox-slideshow=\"all-d5f977e\" data-elementor-lightbox-title=\"20210604_145445\"><br \/>\n<\/a><br \/>\n<a href=\"https:\/\/escuelaramiroroa.cl\/wp-content\/uploads\/2021\/10\/20210810_145656-scaled.jpg\" data-elementor-open-lightbox=\"yes\" data-elementor-lightbox-slideshow=\"all-d5f977e\" data-elementor-lightbox-title=\"20210810_145656\"><br \/>\n<\/a><br \/>\n<a href=\"https:\/\/escuelaramiroroa.cl\/wp-content\/uploads\/2021\/10\/20210704_101801-scaled.jpg\" data-elementor-open-lightbox=\"yes\" data-elementor-lightbox-slideshow=\"all-d5f977e\" data-elementor-lightbox-title=\"20210704_101801\"><br \/>\n<\/a><br \/>\n<a href=\"https:\/\/escuelaramiroroa.cl\/wp-content\/uploads\/2021\/10\/20210604_145441-scaled.jpg\" data-elementor-open-lightbox=\"yes\" data-elementor-lightbox-slideshow=\"all-d5f977e\" data-elementor-lightbox-title=\"20210604_145441\"><br \/>\n<\/a><br \/>\n<a href=\"https:\/\/escuelaramiroroa.cl\/wp-content\/uploads\/2021\/10\/20210823_161214-scaled.jpg\" data-elementor-open-lightbox=\"yes\" data-elementor-lightbox-slideshow=\"all-d5f977e\" data-elementor-lightbox-title=\"20210823_161214\"><br \/>\n<\/a><br \/>\n<a href=\"https:\/\/escuelaramiroroa.cl\/wp-content\/uploads\/2021\/10\/20210713_153123-scaled.jpg\" data-elementor-open-lightbox=\"yes\" data-elementor-lightbox-slideshow=\"all-d5f977e\" data-elementor-lightbox-title=\"20210713_153123\"><br \/>\n<\/a><br \/>\n<a href=\"https:\/\/escuelaramiroroa.cl\/wp-content\/uploads\/2021\/10\/20210914_155039-scaled.jpg\" data-elementor-open-lightbox=\"yes\" data-elementor-lightbox-slideshow=\"all-d5f977e\" data-elementor-lightbox-title=\"20210914_155039\"><br \/>\n<\/a><br \/>\n<a href=\"https:\/\/escuelaramiroroa.cl\/wp-content\/uploads\/2021\/10\/20210727_154229-scaled.jpg\" data-elementor-open-lightbox=\"yes\" data-elementor-lightbox-slideshow=\"all-d5f977e\" data-elementor-lightbox-title=\"20210727_154229\"><br \/>\n<\/a><\/p>\n","protected":false},"excerpt":{"rendered":"<p>Se entiende por Educaci\u00f3n Extraescolar\u00a0al conjunto de acciones educativo-recreativas de tiempo libre, originadas de la pr\u00e1ctica orientada y organizada de actividades deportivas, art\u00edsticas, cient\u00edfico-ecol\u00f3gicas, c\u00edvico sociales y en general de todas aquellas\u00a0que, en funci\u00f3n de los fines y objetivos de la\u00a0educaci\u00f3n Circuito sector tres \u00abPlegarias\u00bb, Curanilahue. Taller de ciclismo.-<\/p>\n","protected":false},"author":1,"featured_media":0,"parent":0,"menu_order":0,"comment_status":"closed","ping_status":"closed","template":"","meta":[],"_links":{"self":[{"href":"https:\/\/escuelaramiroroa.cl\/index.php?rest_route=\/wp\/v2\/pages\/3215"}],"collection":[{"href":"https:\/\/escuelaramiroroa.cl\/index.php?rest_route=\/wp\/v2\/pages"}],"about":[{"href":"https:\/\/escuelaramiroroa.cl\/index.php?rest_route=\/wp\/v2\/types\/page"}],"author":[{"embeddable":true,"href":"https:\/\/escuelaramiroroa.cl\/index.php?rest_route=\/wp\/v2\/users\/1"}],"replies":[{"embeddable":true,"href":"https:\/\/escuelaramiroroa.cl\/index.php?rest_route=%2Fwp%2Fv2%2Fcomments&post=3215"}],"version-history":[{"count":27,"href":"https:\/\/escuelaramiroroa.cl\/index.php?rest_route=\/wp\/v2\/pages\/3215\/revisions"}],"predecessor-version":[{"id":3872,"href":"https:\/\/escuelaramiroroa.cl\/index.php?rest_route=\/wp\/v2\/pages\/3215\/revisions\/3872"}],"wp:attachment":[{"href":"https:\/\/escuelaramiroroa.cl\/index.php?rest_route=%2Fwp%2Fv2%2Fmedia&parent=3215"}],"curies":[{"name":"wp","href":"https:\/\/api.w.org\/{rel}","templated":true}]}}