{"id":3642,"date":"2025-03-31T11:01:14","date_gmt":"2025-03-31T14:01:14","guid":{"rendered":"https:\/\/escuelaramiroroa.cl\/?page_id=3642"},"modified":"2025-08-19T12:52:55","modified_gmt":"2025-08-19T16:52:55","slug":"resena-historica","status":"publish","type":"page","link":"https:\/\/escuelaramiroroa.cl\/?page_id=3642","title":{"rendered":"Rese\u00f1a Hist\u00f3rica"},"content":{"rendered":"<p style=\"text-align: justify;\">A comienzos del siglo XX, el mundo experimentaba grandes transformaciones. En nuestro pa\u00eds, regi\u00f3n y comuna, los cambios se hac\u00edan cada vez m\u00e1s visibles, con el impulso de leyes sociales, mejoras en infraestructura p\u00fablica y privada, y el surgimiento de nuevos segmentos en la sociedad. Estos avances permitieron a los estados y naciones avanzar hacia el futuro.<\/p>\n<p>&nbsp;<\/p>\n<p style=\"text-align: justify;\">En 1920, con la puesta en marcha de la Ley de Instrucci\u00f3n Primaria Obligatoria, comenzaron a crearse las primeras escuelas p\u00fablicas en las comunas con m\u00e1s de mil habitantes. As\u00ed naci\u00f3 nuestra escuela, hoy conocida como Ramiro Roa Gonz\u00e1lez, un hito que se forj\u00f3 gracias a este importante avance en educaci\u00f3n.<\/p>\n<p>&nbsp;<\/p>\n<p style=\"text-align: justify;\">Fundada en 1925, la escuela siempre se ha ubicado en el centro de nuestra comuna, acogiendo a decenas de ni\u00f1os y ni\u00f1as que encontraron en ella un nuevo camino. Ya no ser\u00edan el campo ni las minas el destino que las familias de Curanilahue y sus alrededores contemplaban para sus hijos e hijas; la escuela, que comenz\u00f3 de manera humilde, se transform\u00f3 con el tiempo en un referente educativo en la comuna, la regi\u00f3n y el pa\u00eds.<\/p>\n<p>&nbsp;<\/p>\n<p style=\"text-align: justify;\">Hoy, al alcanzar el centenario de su fundaci\u00f3n, la escuela Ramiro Roa Gonz\u00e1lez cuenta con m\u00e1s de 1.200 estudiantes y m\u00e1s de 170 funcionarios. Esta instituci\u00f3n ha crecido y se ha consolidado gracias al trabajo de valientes y comprometidos educadores, hombres y mujeres que, dentro de sus aulas, han sido fundamentales en el progreso de la escuela.<\/p>\n<p>&nbsp;<\/p>\n<p style=\"text-align: justify;\">El compromiso, la convicci\u00f3n y el amor por la educaci\u00f3n han permitido que a\u00f1o tras a\u00f1o m\u00e1s ni\u00f1os y ni\u00f1as se sumaran a este proyecto educativo. Para muchos, la escuela no ha sido solo un edificio; ha sido un hogar, una familia y una oportunidad para avanzar.<\/p>\n<p>&nbsp;<\/p>\n<p style=\"text-align: justify;\">Gracias a los avances en pol\u00edticas p\u00fablicas de educaci\u00f3n, la escuela ha podido robustecerse, haci\u00e9ndola m\u00e1s acogedora para quienes la habitan. A lo largo de su historia, la escuela ha sido un baluarte de la comuna, avanzando de manera constante y sin prisa, a pesar de los tristes momentos vividos, como la p\u00e9rdida de docentes y del director cuyo nombre honra nuestra instituci\u00f3n.<\/p>\n<p>&nbsp;<\/p>\n<p style=\"text-align: justify;\">Y es que la esencia de la escuela Ramiro Roa Gonz\u00e1lez siempre ha sido su gente: los docentes y asistentes de la educaci\u00f3n, los estudiantes, y los apoderados. Con una fuerza e identidad \u00fanicas, todos han sabido sobreponerse a los momentos m\u00e1s oscuros, iluminando el camino con logros y buenos resultados.<\/p>\n<p>&nbsp;<\/p>\n<p style=\"text-align: justify;\">Hoy, al celebrarse nuestro centenario, agradecemos a las generaciones que han recorrido nuestras aulas. A aquellos que nos siguen eligiendo para educar a sus hijos e hijas, confiando en que seguimos comprometidos con la educaci\u00f3n de las futuras generaciones.<\/p>\n<p>&nbsp;<\/p>\n<p style=\"text-align: justify;\">Como escuela Ramiro Roa Gonz\u00e1lez, miramos al futuro con esperanza, caminando firmemente hacia nuestro primer centenario, pero siempre juntos, como lo hemos hecho a lo largo de estos 100 a\u00f1os.<\/p>\n<p style=\"text-align: justify;\">\n","protected":false},"excerpt":{"rendered":"<p>A comienzos del siglo XX, el mundo experimentaba grandes transformaciones. En nuestro pa\u00eds, regi\u00f3n y comuna, los cambios se hac\u00edan cada vez m\u00e1s visibles, con el impulso de leyes sociales, mejoras en infraestructura p\u00fablica y privada, y el surgimiento de nuevos segmentos en la sociedad. Estos avances permitieron a los estados y naciones avanzar hacia [&hellip;]<\/p>\n","protected":false},"author":1,"featured_media":4028,"parent":0,"menu_order":0,"comment_status":"closed","ping_status":"closed","template":"","meta":[],"_links":{"self":[{"href":"https:\/\/escuelaramiroroa.cl\/index.php?rest_route=\/wp\/v2\/pages\/3642"}],"collection":[{"href":"https:\/\/escuelaramiroroa.cl\/index.php?rest_route=\/wp\/v2\/pages"}],"about":[{"href":"https:\/\/escuelaramiroroa.cl\/index.php?rest_route=\/wp\/v2\/types\/page"}],"author":[{"embeddable":true,"href":"https:\/\/escuelaramiroroa.cl\/index.php?rest_route=\/wp\/v2\/users\/1"}],"replies":[{"embeddable":true,"href":"https:\/\/escuelaramiroroa.cl\/index.php?rest_route=%2Fwp%2Fv2%2Fcomments&post=3642"}],"version-history":[{"count":6,"href":"https:\/\/escuelaramiroroa.cl\/index.php?rest_route=\/wp\/v2\/pages\/3642\/revisions"}],"predecessor-version":[{"id":4031,"href":"https:\/\/escuelaramiroroa.cl\/index.php?rest_route=\/wp\/v2\/pages\/3642\/revisions\/4031"}],"wp:featuredmedia":[{"embeddable":true,"href":"https:\/\/escuelaramiroroa.cl\/index.php?rest_route=\/wp\/v2\/media\/4028"}],"wp:attachment":[{"href":"https:\/\/escuelaramiroroa.cl\/index.php?rest_route=%2Fwp%2Fv2%2Fmedia&parent=3642"}],"curies":[{"name":"wp","href":"https:\/\/api.w.org\/{rel}","templated":true}]}}